{"id":169,"date":"2022-12-15T14:06:41","date_gmt":"2022-12-15T13:06:41","guid":{"rendered":"https:\/\/kingfisher360.digital\/az-esg-megfeleles-egyszeruen\/"},"modified":"2023-10-10T10:33:22","modified_gmt":"2023-10-10T08:33:22","slug":"az-esg-megfeleles-egyszeruen","status":"publish","type":"page","link":"https:\/\/kingfisher360.digital\/hu\/","title":{"rendered":"Az ESG-megfelel\u00e9s egyszer\u0171en"},"content":{"rendered":"","protected":false},"excerpt":{"rendered":"<p>K\u00e9sz\u00edtse el \u00e9s tegye k\u00f6zz\u00e9 v\u00e1llalata fenntarthat\u00f3s\u00e1gi \u00e9rt\u00e9kel\u00e9s\u00e9t, \u00e9s v\u00e9gezze el az ell\u00e1t\u00e1si l\u00e1nca ESG \u00e1tvil\u00e1g\u00edt\u00e1s\u00e1t egy k\u00f6nnyen haszn\u00e1lhat\u00f3 \u00e9s intelligens eszk\u00f6zzel.<\/p>\n","protected":false},"author":1,"featured_media":155,"parent":0,"menu_order":0,"comment_status":"closed","ping_status":"closed","template":"index.php","meta":[],"yoast_head":"<!-- This site is optimized with the Yoast SEO plugin v18.1 - https:\/\/yoast.com\/wordpress\/plugins\/seo\/ -->\n<title>Az ESG-megfelel\u00e9s egyszer\u0171en - Kingfisher<\/title>\n<meta name=\"description\" content=\"K\u00e9sz\u00edtse el \u00e9s tegye k\u00f6zz\u00e9 v\u00e1llalata fenntarthat\u00f3s\u00e1gi \u00e9rt\u00e9kel\u00e9s\u00e9t, \u00e9s v\u00e9gezze el az ell\u00e1t\u00e1si l\u00e1nca ESG \u00e1tvil\u00e1g\u00edt\u00e1s\u00e1t egy k\u00f6nnyen haszn\u00e1lhat\u00f3 \u00e9s intelligens eszk\u00f6zzel.\" \/>\n<meta name=\"robots\" content=\"noindex, follow, max-snippet:-1, max-image-preview:large, max-video-preview:-1\" \/>\n<meta property=\"og:locale\" content=\"hu_HU\" \/>\n<meta property=\"og:type\" content=\"article\" \/>\n<meta property=\"og:title\" content=\"Az ESG-megfelel\u00e9s egyszer\u0171en - Kingfisher\" \/>\n<meta property=\"og:description\" content=\"K\u00e9sz\u00edtse el \u00e9s tegye k\u00f6zz\u00e9 v\u00e1llalata fenntarthat\u00f3s\u00e1gi \u00e9rt\u00e9kel\u00e9s\u00e9t, \u00e9s v\u00e9gezze el az ell\u00e1t\u00e1si l\u00e1nca ESG \u00e1tvil\u00e1g\u00edt\u00e1s\u00e1t egy k\u00f6nnyen haszn\u00e1lhat\u00f3 \u00e9s intelligens eszk\u00f6zzel.\" \/>\n<meta property=\"og:url\" content=\"https:\/\/kingfisher360.digital\/hu\/az-esg-megfeleles-egyszeruen\/\" \/>\n<meta property=\"og:site_name\" content=\"Kingfisher\" \/>\n<meta property=\"article:modified_time\" content=\"2023-10-10T08:33:22+00:00\" \/>\n<meta property=\"og:image\" content=\"https:\/\/kingfisher360.digital\/uploads\/2023\/08\/hero.png\" \/>\n\t<meta property=\"og:image:width\" content=\"754\" \/>\n\t<meta property=\"og:image:height\" content=\"861\" \/>\n\t<meta property=\"og:image:type\" content=\"image\/png\" \/>\n<meta name=\"twitter:card\" content=\"summary_large_image\" \/>\n<script type=\"application\/ld+json\" class=\"yoast-schema-graph\">{\"@context\":\"https:\/\/schema.org\",\"@graph\":[{\"@type\":\"WebSite\",\"@id\":\"https:\/\/kingfisher360.digital\/#website\",\"url\":\"https:\/\/kingfisher360.digital\/\",\"name\":\"Kingfisher\",\"description\":\"ESG compliance\",\"potentialAction\":[{\"@type\":\"SearchAction\",\"target\":{\"@type\":\"EntryPoint\",\"urlTemplate\":\"https:\/\/kingfisher360.digital\/?s={search_term_string}\"},\"query-input\":\"required name=search_term_string\"}],\"inLanguage\":\"hu\"},{\"@type\":\"ImageObject\",\"@id\":\"https:\/\/kingfisher360.digital\/hu\/az-esg-megfeleles-egyszeruen\/#primaryimage\",\"inLanguage\":\"hu\",\"url\":\"https:\/\/kingfisher360.digital\/uploads\/2023\/08\/hero.png\",\"contentUrl\":\"https:\/\/kingfisher360.digital\/uploads\/2023\/08\/hero.png\",\"width\":754,\"height\":861},{\"@type\":\"WebPage\",\"@id\":\"https:\/\/kingfisher360.digital\/hu\/az-esg-megfeleles-egyszeruen\/#webpage\",\"url\":\"https:\/\/kingfisher360.digital\/hu\/az-esg-megfeleles-egyszeruen\/\",\"name\":\"Az ESG-megfelel\u00e9s egyszer\u0171en - Kingfisher\",\"isPartOf\":{\"@id\":\"https:\/\/kingfisher360.digital\/#website\"},\"primaryImageOfPage\":{\"@id\":\"https:\/\/kingfisher360.digital\/hu\/az-esg-megfeleles-egyszeruen\/#primaryimage\"},\"datePublished\":\"2022-12-15T13:06:41+00:00\",\"dateModified\":\"2023-10-10T08:33:22+00:00\",\"description\":\"K\u00e9sz\u00edtse el \u00e9s tegye k\u00f6zz\u00e9 v\u00e1llalata fenntarthat\u00f3s\u00e1gi \u00e9rt\u00e9kel\u00e9s\u00e9t, \u00e9s v\u00e9gezze el az ell\u00e1t\u00e1si l\u00e1nca ESG \u00e1tvil\u00e1g\u00edt\u00e1s\u00e1t egy k\u00f6nnyen haszn\u00e1lhat\u00f3 \u00e9s intelligens eszk\u00f6zzel.\",\"breadcrumb\":{\"@id\":\"https:\/\/kingfisher360.digital\/hu\/az-esg-megfeleles-egyszeruen\/#breadcrumb\"},\"inLanguage\":\"hu\",\"potentialAction\":[{\"@type\":\"ReadAction\",\"target\":[\"https:\/\/kingfisher360.digital\/hu\/az-esg-megfeleles-egyszeruen\/\"]}]},{\"@type\":\"BreadcrumbList\",\"@id\":\"https:\/\/kingfisher360.digital\/hu\/az-esg-megfeleles-egyszeruen\/#breadcrumb\",\"itemListElement\":[{\"@type\":\"ListItem\",\"position\":1,\"name\":\"Home\",\"item\":\"https:\/\/kingfisher360.digital\/hu\/az-esg-megfeleles-egyszeruen\/\"},{\"@type\":\"ListItem\",\"position\":2,\"name\":\"Az ESG-megfelel\u00e9s egyszer\u0171en\"}]}]}<\/script>\n<!-- \/ Yoast SEO plugin. -->","yoast_head_json":{"title":"Az ESG-megfelel\u00e9s egyszer\u0171en - Kingfisher","description":"K\u00e9sz\u00edtse el \u00e9s tegye k\u00f6zz\u00e9 v\u00e1llalata fenntarthat\u00f3s\u00e1gi \u00e9rt\u00e9kel\u00e9s\u00e9t, \u00e9s v\u00e9gezze el az ell\u00e1t\u00e1si l\u00e1nca ESG \u00e1tvil\u00e1g\u00edt\u00e1s\u00e1t egy k\u00f6nnyen haszn\u00e1lhat\u00f3 \u00e9s intelligens eszk\u00f6zzel.","robots":{"index":"noindex","follow":"follow","max-snippet":"max-snippet:-1","max-image-preview":"max-image-preview:large","max-video-preview":"max-video-preview:-1"},"og_locale":"hu_HU","og_type":"article","og_title":"Az ESG-megfelel\u00e9s egyszer\u0171en - Kingfisher","og_description":"K\u00e9sz\u00edtse el \u00e9s tegye k\u00f6zz\u00e9 v\u00e1llalata fenntarthat\u00f3s\u00e1gi \u00e9rt\u00e9kel\u00e9s\u00e9t, \u00e9s v\u00e9gezze el az ell\u00e1t\u00e1si l\u00e1nca ESG \u00e1tvil\u00e1g\u00edt\u00e1s\u00e1t egy k\u00f6nnyen haszn\u00e1lhat\u00f3 \u00e9s intelligens eszk\u00f6zzel.","og_url":"https:\/\/kingfisher360.digital\/hu\/az-esg-megfeleles-egyszeruen\/","og_site_name":"Kingfisher","article_modified_time":"2023-10-10T08:33:22+00:00","og_image":[{"width":754,"height":861,"url":"https:\/\/kingfisher360.digital\/uploads\/2023\/08\/hero.png","type":"image\/png"}],"twitter_card":"summary_large_image","schema":{"@context":"https:\/\/schema.org","@graph":[{"@type":"WebSite","@id":"https:\/\/kingfisher360.digital\/#website","url":"https:\/\/kingfisher360.digital\/","name":"Kingfisher","description":"ESG compliance","potentialAction":[{"@type":"SearchAction","target":{"@type":"EntryPoint","urlTemplate":"https:\/\/kingfisher360.digital\/?s={search_term_string}"},"query-input":"required name=search_term_string"}],"inLanguage":"hu"},{"@type":"ImageObject","@id":"https:\/\/kingfisher360.digital\/hu\/az-esg-megfeleles-egyszeruen\/#primaryimage","inLanguage":"hu","url":"https:\/\/kingfisher360.digital\/uploads\/2023\/08\/hero.png","contentUrl":"https:\/\/kingfisher360.digital\/uploads\/2023\/08\/hero.png","width":754,"height":861},{"@type":"WebPage","@id":"https:\/\/kingfisher360.digital\/hu\/az-esg-megfeleles-egyszeruen\/#webpage","url":"https:\/\/kingfisher360.digital\/hu\/az-esg-megfeleles-egyszeruen\/","name":"Az ESG-megfelel\u00e9s egyszer\u0171en - Kingfisher","isPartOf":{"@id":"https:\/\/kingfisher360.digital\/#website"},"primaryImageOfPage":{"@id":"https:\/\/kingfisher360.digital\/hu\/az-esg-megfeleles-egyszeruen\/#primaryimage"},"datePublished":"2022-12-15T13:06:41+00:00","dateModified":"2023-10-10T08:33:22+00:00","description":"K\u00e9sz\u00edtse el \u00e9s tegye k\u00f6zz\u00e9 v\u00e1llalata fenntarthat\u00f3s\u00e1gi \u00e9rt\u00e9kel\u00e9s\u00e9t, \u00e9s v\u00e9gezze el az ell\u00e1t\u00e1si l\u00e1nca ESG \u00e1tvil\u00e1g\u00edt\u00e1s\u00e1t egy k\u00f6nnyen haszn\u00e1lhat\u00f3 \u00e9s intelligens eszk\u00f6zzel.","breadcrumb":{"@id":"https:\/\/kingfisher360.digital\/hu\/az-esg-megfeleles-egyszeruen\/#breadcrumb"},"inLanguage":"hu","potentialAction":[{"@type":"ReadAction","target":["https:\/\/kingfisher360.digital\/hu\/az-esg-megfeleles-egyszeruen\/"]}]},{"@type":"BreadcrumbList","@id":"https:\/\/kingfisher360.digital\/hu\/az-esg-megfeleles-egyszeruen\/#breadcrumb","itemListElement":[{"@type":"ListItem","position":1,"name":"Home","item":"https:\/\/kingfisher360.digital\/hu\/az-esg-megfeleles-egyszeruen\/"},{"@type":"ListItem","position":2,"name":"Az ESG-megfelel\u00e9s egyszer\u0171en"}]}]}},"_links":{"self":[{"href":"https:\/\/kingfisher360.digital\/hu\/wp-json\/wp\/v2\/pages\/169"}],"collection":[{"href":"https:\/\/kingfisher360.digital\/hu\/wp-json\/wp\/v2\/pages"}],"about":[{"href":"https:\/\/kingfisher360.digital\/hu\/wp-json\/wp\/v2\/types\/page"}],"author":[{"embeddable":true,"href":"https:\/\/kingfisher360.digital\/hu\/wp-json\/wp\/v2\/users\/1"}],"replies":[{"embeddable":true,"href":"https:\/\/kingfisher360.digital\/hu\/wp-json\/wp\/v2\/comments?post=169"}],"version-history":[{"count":1,"href":"https:\/\/kingfisher360.digital\/hu\/wp-json\/wp\/v2\/pages\/169\/revisions"}],"predecessor-version":[{"id":170,"href":"https:\/\/kingfisher360.digital\/hu\/wp-json\/wp\/v2\/pages\/169\/revisions\/170"}],"wp:featuredmedia":[{"embeddable":true,"href":"https:\/\/kingfisher360.digital\/hu\/wp-json\/wp\/v2\/media\/155"}],"wp:attachment":[{"href":"https:\/\/kingfisher360.digital\/hu\/wp-json\/wp\/v2\/media?parent=169"}],"curies":[{"name":"wp","href":"https:\/\/api.w.org\/{rel}","templated":true}]}}