{"id":188,"date":"2023-08-16T14:53:06","date_gmt":"2023-08-16T12:53:06","guid":{"rendered":"https:\/\/kingfisher360.digital\/megoldasaink\/"},"modified":"2023-10-10T11:51:37","modified_gmt":"2023-10-10T09:51:37","slug":"megoldasaink","status":"publish","type":"page","link":"https:\/\/kingfisher360.digital\/hu\/megoldasaink\/","title":{"rendered":"Megold\u00e1saink"},"content":{"rendered":"<h2>Fenntarthat\u00f3s\u00e1gi \u00e9rt\u00e9kel\u00e9s<\/h2>\n<p>A Kingfisher fenntarthat\u00f3s\u00e1gi \u00e9rt\u00e9kel\u00e9s az adatok, az elemz\u00e9sek \u00e9s a k\u00f6zz\u00e9t\u00e9telek \u00f6sszes\u00edt\u00e9s\u00e9vel \u00e9s egys\u00e9ges megjelen\u00edt\u00e9s\u00e9vel \u00e9ri el, hogy a v\u00e1llalatok \u00e1ttekinthet\u0151 teljes\u00edtm\u00e9ny\u00e9rt\u00e9kel\u00e9st kapjanak. Az eredm\u00e9nyt\u00e1bl\u00e1k megmutatj\u00e1k \u00e9s seg\u00edtenek meg\u00e9rteni a szervezet ESG-teljes\u00edtm\u00e9ny\u00e9t, valamint \u00f6sszehasonl\u00edthat\u00f3v\u00e1 teszik az eredm\u00e9nyt \u00fczleti partnereivel \u00e9s ipari referencia \u00e9rt\u00e9kekkel.<br \/>\nA Kingfisher ESG min\u0151s\u00edt\u00e9s szabv\u00e1nyos, \u00e1tl\u00e1that\u00f3 eszk\u00f6z arra, hogy<\/p>\n<ul>\n<li>Elemezze \u00e9s optimaliz\u00e1lja ESG teljes\u00edtm\u00e9ny\u00e9t<\/li>\n<li>\u00c1tl\u00e1that\u00f3 m\u00f3don mutassa meg \u00fcgyfeleinek, alkalmazottainak, befektet\u0151inek fenntarthat\u00f3s\u00e1gi elk\u00f6telezetts\u00e9g\u00e9t<\/li>\n<li>Ker\u00fclje az \u00f6n\u00e9rt\u00e9kel\u00e9st<\/li>\n<li>\u00d6sszehasonl\u00edtsa teljes\u00edtm\u00e9ny\u00e9t a piaci t\u00e1rsaival szemben<\/li>\n<li>Egy koherens m\u00f3dszertan seg\u00edts\u00e9g\u00e9vel adatvez\u00e9relt betekint\u00e9st nyerjen er\u0151ss\u00e9geibe \u00e9s gyenges\u00e9geibe<\/li>\n<li>Megfeleljen a szab\u00e1lyoz\u00e1si k\u00f6vetelm\u00e9nyeknek.<\/li>\n<li>Legyen egy\u00e9rtelm\u0171 visszajelz\u00e9se \u00e9s \u00e9rt\u00e9kel\u00e9se a teljes\u00edtm\u00e9ny\u00e9r\u0151l.<\/li>\n<\/ul>\n<p>&nbsp;<\/p>\n<p><img decoding=\"async\" loading=\"lazy\" class=\"size-full wp-image-15 aligncenter\" src=\"https:\/\/kingfisher360.digital\/uploads\/2023\/08\/rating_group.jpg\" alt=\"\" width=\"731\" height=\"151\" \/><\/p>\n<p>&nbsp;<\/p>\n<h2>Az ell\u00e1t\u00e1si l\u00e1nc \u00e1tvil\u00e1g\u00edt\u00e1sa<\/h2>\n<p>Egy transzparens ell\u00e1t\u00e1si l\u00e1nc minden v\u00e1llalat alapvet\u0151 c\u00e9lja kellene, hogy legyen. Jelenleg olyan trend is kihat\u00e1ssal van a gazdas\u00e1g m\u0171k\u00f6d\u00e9s\u00e9re, mely ezt minden eddigin\u00e9l nehezebb\u00e9 teszi.<\/p>\n<p>&nbsp;<\/p>\n<h4>Ell\u00e1t\u00e1si l\u00e1ncokat \u00e9r\u0151 sokkhat\u00e1sok<\/h4>\n<p>Az elm\u00falt p\u00e1r \u00e9vben az olyan esem\u00e9nyek, mint a glob\u00e1lis energiav\u00e1ls\u00e1g, az ukrajnai konfliktus, a l\u00edtiumhi\u00e1ny, a Covid-19 \u00e9s a Szuezi-csatorna elz\u00e1r\u00f3d\u00e1sa jelent\u0151s glob\u00e1lis ell\u00e1t\u00e1si l\u00e1nc probl\u00e9m\u00e1kat okoztak, \u00e9s hozz\u00e1j\u00e1rultak az ell\u00e1t\u00e1s k\u00f6lts\u00e9geinek emelked\u00e9s\u00e9hez. Amikor egy kr\u00edzis esem\u00e9ny ut\u00e1n \u00faj besz\u00e1ll\u00edt\u00f3kat kell tal\u00e1lni, a v\u00e1llalatok k\u00eds\u00e9rt\u00e9sbe esnek, hogy ler\u00f6vid\u00edts\u00e9k a besz\u00e1ll\u00edt\u00f3k onboarding folyamatait \u00e9s laz\u00edtsanak az \u00e1tvil\u00e1g\u00edt\u00e1si elj\u00e1r\u00e1son az \u00fczleti szolg\u00e1ltat\u00e1sok fenntart\u00e1sa \u00e9rdek\u00e9ben.<\/p>\n<p>&nbsp;<\/p>\n<h4>Az ESG t\u00e9rnyer\u00e9se<\/h4>\n<p>A mai fogyaszt\u00f3k, befektet\u0151k<br \/>\n\u00e9s az alkalmazottak elv\u00e1rj\u00e1k a v\u00e1llalatokt\u00f3l, hogy komolyan vegy\u00e9k az etikai, k\u00f6rnyezetv\u00e9delmi \u00e9s egy\u00e9b ESG-probl\u00e9m\u00e1kat, \u00e9s pozit\u00edv hat\u00e1st gyakoroljanak a t\u00e1rsadalomra. Az, hogy a v\u00e1llalat milyen etikus megk\u00f6zel\u00edt\u00e9st alkalmaz az ell\u00e1t\u00e1si l\u00e1nc\u00e1hoz, befoly\u00e1solja a v\u00e1llalat \u00e9s m\u00e1rk\u00e1i meg\u00edt\u00e9l\u00e9s\u00e9t.<br \/>\nP\u00e9ld\u00e1ul el\u0151fordulhat, hogy az emberek elfordulnak egy olyan c\u00e9gt\u0151l, amelynek ell\u00e1t\u00e1si l\u00e1nca nem m\u00e9rs\u00e9kli kell\u0151k\u00e9ppen az etikai kock\u00e1zatokat, p\u00e9ld\u00e1ul a munkaer\u0151vel val\u00f3 rossz b\u00e1n\u00e1sm\u00f3dot.<\/p>\n<p>&nbsp;<\/p>\n<h4>Jogszab\u00e1lyi k\u00f6vetelm\u00e9nyek<\/h4>\n<p>Az EU CSRD, az EU CSDDD (elfogad\u00e1s alatt) \u00e9s a n\u00e9met t\u00f6rv\u00e9ny a v\u00e1llalati \u00e1tvil\u00e1g\u00edt\u00e1si k\u00f6telezetts\u00e9gekr\u0151l az ell\u00e1t\u00e1si l\u00e1ncokban (n\u00e9met\u00fcl: Lieferkettensorgfaltspflichtengesetz, LkSG) el\u0151\u00edrja a v\u00e1llalatoknak, hogy megfelel\u0151 emberi jogi \u00e9s k\u00f6rnyezetv\u00e9delmi \u00e1tvil\u00e1g\u00edt\u00e1st v\u00e9gezzenek ell\u00e1t\u00e1si l\u00e1ncaikban.<\/p>\n","protected":false},"excerpt":{"rendered":"<p>Fenntarthat\u00f3s\u00e1gi \u00e9rt\u00e9kel\u00e9s A Kingfisher fenntarthat\u00f3s\u00e1gi \u00e9rt\u00e9kel\u00e9s az adatok, az elemz\u00e9sek \u00e9s a k\u00f6zz\u00e9t\u00e9telek \u00f6sszes\u00edt\u00e9s\u00e9vel \u00e9s egys\u00e9ges megjelen\u00edt\u00e9s\u00e9vel \u00e9ri el, hogy a v\u00e1llalatok \u00e1ttekinthet\u0151 teljes\u00edtm\u00e9ny\u00e9rt\u00e9kel\u00e9st kapjanak. Az eredm\u00e9nyt\u00e1bl\u00e1k megmutatj\u00e1k \u00e9s seg\u00edtenek meg\u00e9rteni a szervezet ESG-teljes\u00edtm\u00e9ny\u00e9t, valamint \u00f6sszehasonl\u00edthat\u00f3v\u00e1 teszik az eredm\u00e9nyt \u00fczleti partnereivel \u00e9s ipari referencia \u00e9rt\u00e9kekkel. A Kingfisher ESG min\u0151s\u00edt\u00e9s szabv\u00e1nyos, \u00e1tl\u00e1that\u00f3 eszk\u00f6z arra, hogy Elemezze [&hellip;]<\/p>\n","protected":false},"author":1,"featured_media":0,"parent":0,"menu_order":0,"comment_status":"closed","ping_status":"closed","template":"page-solutions.php","meta":[],"yoast_head":"<!-- This site is optimized with the Yoast SEO plugin v18.1 - https:\/\/yoast.com\/wordpress\/plugins\/seo\/ -->\n<title>Megold\u00e1saink - Kingfisher<\/title>\n<meta name=\"robots\" content=\"noindex, follow, max-snippet:-1, max-image-preview:large, max-video-preview:-1\" \/>\n<meta property=\"og:locale\" content=\"hu_HU\" \/>\n<meta property=\"og:type\" content=\"article\" \/>\n<meta property=\"og:title\" content=\"Megold\u00e1saink - Kingfisher\" \/>\n<meta property=\"og:description\" content=\"Fenntarthat\u00f3s\u00e1gi \u00e9rt\u00e9kel\u00e9s A Kingfisher fenntarthat\u00f3s\u00e1gi \u00e9rt\u00e9kel\u00e9s az adatok, az elemz\u00e9sek \u00e9s a k\u00f6zz\u00e9t\u00e9telek \u00f6sszes\u00edt\u00e9s\u00e9vel \u00e9s egys\u00e9ges megjelen\u00edt\u00e9s\u00e9vel \u00e9ri el, hogy a v\u00e1llalatok \u00e1ttekinthet\u0151 teljes\u00edtm\u00e9ny\u00e9rt\u00e9kel\u00e9st kapjanak. Az eredm\u00e9nyt\u00e1bl\u00e1k megmutatj\u00e1k \u00e9s seg\u00edtenek meg\u00e9rteni a szervezet ESG-teljes\u00edtm\u00e9ny\u00e9t, valamint \u00f6sszehasonl\u00edthat\u00f3v\u00e1 teszik az eredm\u00e9nyt \u00fczleti partnereivel \u00e9s ipari referencia \u00e9rt\u00e9kekkel. A Kingfisher ESG min\u0151s\u00edt\u00e9s szabv\u00e1nyos, \u00e1tl\u00e1that\u00f3 eszk\u00f6z arra, hogy Elemezze [&hellip;]\" \/>\n<meta property=\"og:url\" content=\"https:\/\/kingfisher360.digital\/hu\/megoldasaink\/\" \/>\n<meta property=\"og:site_name\" content=\"Kingfisher\" \/>\n<meta property=\"article:modified_time\" content=\"2023-10-10T09:51:37+00:00\" \/>\n<meta property=\"og:image\" content=\"https:\/\/kingfisher360.digital\/uploads\/2023\/08\/rating_group.jpg\" \/>\n<meta name=\"twitter:card\" content=\"summary_large_image\" \/>\n<meta name=\"twitter:label1\" content=\"Est. reading time\" \/>\n\t<meta name=\"twitter:data1\" content=\"3 perc\" \/>\n<script type=\"application\/ld+json\" class=\"yoast-schema-graph\">{\"@context\":\"https:\/\/schema.org\",\"@graph\":[{\"@type\":\"WebSite\",\"@id\":\"https:\/\/kingfisher360.digital\/#website\",\"url\":\"https:\/\/kingfisher360.digital\/\",\"name\":\"Kingfisher\",\"description\":\"ESG compliance\",\"potentialAction\":[{\"@type\":\"SearchAction\",\"target\":{\"@type\":\"EntryPoint\",\"urlTemplate\":\"https:\/\/kingfisher360.digital\/?s={search_term_string}\"},\"query-input\":\"required name=search_term_string\"}],\"inLanguage\":\"hu\"},{\"@type\":\"ImageObject\",\"@id\":\"https:\/\/kingfisher360.digital\/hu\/megoldasaink\/#primaryimage\",\"inLanguage\":\"hu\",\"url\":\"https:\/\/kingfisher360.digital\/uploads\/2023\/08\/rating_group.jpg\",\"contentUrl\":\"https:\/\/kingfisher360.digital\/uploads\/2023\/08\/rating_group.jpg\",\"width\":731,\"height\":151},{\"@type\":\"WebPage\",\"@id\":\"https:\/\/kingfisher360.digital\/hu\/megoldasaink\/#webpage\",\"url\":\"https:\/\/kingfisher360.digital\/hu\/megoldasaink\/\",\"name\":\"Megold\u00e1saink - Kingfisher\",\"isPartOf\":{\"@id\":\"https:\/\/kingfisher360.digital\/#website\"},\"primaryImageOfPage\":{\"@id\":\"https:\/\/kingfisher360.digital\/hu\/megoldasaink\/#primaryimage\"},\"datePublished\":\"2023-08-16T12:53:06+00:00\",\"dateModified\":\"2023-10-10T09:51:37+00:00\",\"breadcrumb\":{\"@id\":\"https:\/\/kingfisher360.digital\/hu\/megoldasaink\/#breadcrumb\"},\"inLanguage\":\"hu\",\"potentialAction\":[{\"@type\":\"ReadAction\",\"target\":[\"https:\/\/kingfisher360.digital\/hu\/megoldasaink\/\"]}]},{\"@type\":\"BreadcrumbList\",\"@id\":\"https:\/\/kingfisher360.digital\/hu\/megoldasaink\/#breadcrumb\",\"itemListElement\":[{\"@type\":\"ListItem\",\"position\":1,\"name\":\"Home\",\"item\":\"https:\/\/kingfisher360.digital\/hu\/az-esg-megfeleles-egyszeruen\/\"},{\"@type\":\"ListItem\",\"position\":2,\"name\":\"Megold\u00e1saink\"}]}]}<\/script>\n<!-- \/ Yoast SEO plugin. -->","yoast_head_json":{"title":"Megold\u00e1saink - Kingfisher","robots":{"index":"noindex","follow":"follow","max-snippet":"max-snippet:-1","max-image-preview":"max-image-preview:large","max-video-preview":"max-video-preview:-1"},"og_locale":"hu_HU","og_type":"article","og_title":"Megold\u00e1saink - Kingfisher","og_description":"Fenntarthat\u00f3s\u00e1gi \u00e9rt\u00e9kel\u00e9s A Kingfisher fenntarthat\u00f3s\u00e1gi \u00e9rt\u00e9kel\u00e9s az adatok, az elemz\u00e9sek \u00e9s a k\u00f6zz\u00e9t\u00e9telek \u00f6sszes\u00edt\u00e9s\u00e9vel \u00e9s egys\u00e9ges megjelen\u00edt\u00e9s\u00e9vel \u00e9ri el, hogy a v\u00e1llalatok \u00e1ttekinthet\u0151 teljes\u00edtm\u00e9ny\u00e9rt\u00e9kel\u00e9st kapjanak. Az eredm\u00e9nyt\u00e1bl\u00e1k megmutatj\u00e1k \u00e9s seg\u00edtenek meg\u00e9rteni a szervezet ESG-teljes\u00edtm\u00e9ny\u00e9t, valamint \u00f6sszehasonl\u00edthat\u00f3v\u00e1 teszik az eredm\u00e9nyt \u00fczleti partnereivel \u00e9s ipari referencia \u00e9rt\u00e9kekkel. A Kingfisher ESG min\u0151s\u00edt\u00e9s szabv\u00e1nyos, \u00e1tl\u00e1that\u00f3 eszk\u00f6z arra, hogy Elemezze [&hellip;]","og_url":"https:\/\/kingfisher360.digital\/hu\/megoldasaink\/","og_site_name":"Kingfisher","article_modified_time":"2023-10-10T09:51:37+00:00","og_image":[{"url":"https:\/\/kingfisher360.digital\/uploads\/2023\/08\/rating_group.jpg"}],"twitter_card":"summary_large_image","twitter_misc":{"Est. reading time":"3 perc"},"schema":{"@context":"https:\/\/schema.org","@graph":[{"@type":"WebSite","@id":"https:\/\/kingfisher360.digital\/#website","url":"https:\/\/kingfisher360.digital\/","name":"Kingfisher","description":"ESG compliance","potentialAction":[{"@type":"SearchAction","target":{"@type":"EntryPoint","urlTemplate":"https:\/\/kingfisher360.digital\/?s={search_term_string}"},"query-input":"required name=search_term_string"}],"inLanguage":"hu"},{"@type":"ImageObject","@id":"https:\/\/kingfisher360.digital\/hu\/megoldasaink\/#primaryimage","inLanguage":"hu","url":"https:\/\/kingfisher360.digital\/uploads\/2023\/08\/rating_group.jpg","contentUrl":"https:\/\/kingfisher360.digital\/uploads\/2023\/08\/rating_group.jpg","width":731,"height":151},{"@type":"WebPage","@id":"https:\/\/kingfisher360.digital\/hu\/megoldasaink\/#webpage","url":"https:\/\/kingfisher360.digital\/hu\/megoldasaink\/","name":"Megold\u00e1saink - Kingfisher","isPartOf":{"@id":"https:\/\/kingfisher360.digital\/#website"},"primaryImageOfPage":{"@id":"https:\/\/kingfisher360.digital\/hu\/megoldasaink\/#primaryimage"},"datePublished":"2023-08-16T12:53:06+00:00","dateModified":"2023-10-10T09:51:37+00:00","breadcrumb":{"@id":"https:\/\/kingfisher360.digital\/hu\/megoldasaink\/#breadcrumb"},"inLanguage":"hu","potentialAction":[{"@type":"ReadAction","target":["https:\/\/kingfisher360.digital\/hu\/megoldasaink\/"]}]},{"@type":"BreadcrumbList","@id":"https:\/\/kingfisher360.digital\/hu\/megoldasaink\/#breadcrumb","itemListElement":[{"@type":"ListItem","position":1,"name":"Home","item":"https:\/\/kingfisher360.digital\/hu\/az-esg-megfeleles-egyszeruen\/"},{"@type":"ListItem","position":2,"name":"Megold\u00e1saink"}]}]}},"_links":{"self":[{"href":"https:\/\/kingfisher360.digital\/hu\/wp-json\/wp\/v2\/pages\/188"}],"collection":[{"href":"https:\/\/kingfisher360.digital\/hu\/wp-json\/wp\/v2\/pages"}],"about":[{"href":"https:\/\/kingfisher360.digital\/hu\/wp-json\/wp\/v2\/types\/page"}],"author":[{"embeddable":true,"href":"https:\/\/kingfisher360.digital\/hu\/wp-json\/wp\/v2\/users\/1"}],"replies":[{"embeddable":true,"href":"https:\/\/kingfisher360.digital\/hu\/wp-json\/wp\/v2\/comments?post=188"}],"version-history":[{"count":1,"href":"https:\/\/kingfisher360.digital\/hu\/wp-json\/wp\/v2\/pages\/188\/revisions"}],"predecessor-version":[{"id":189,"href":"https:\/\/kingfisher360.digital\/hu\/wp-json\/wp\/v2\/pages\/188\/revisions\/189"}],"wp:attachment":[{"href":"https:\/\/kingfisher360.digital\/hu\/wp-json\/wp\/v2\/media?parent=188"}],"curies":[{"name":"wp","href":"https:\/\/api.w.org\/{rel}","templated":true}]}}