{"id":192,"date":"2023-08-18T11:21:51","date_gmt":"2023-08-18T09:21:51","guid":{"rendered":"https:\/\/kingfisher360.digital\/kingfisher-tamogatasi-kozpont\/"},"modified":"2023-08-18T11:21:51","modified_gmt":"2023-08-18T09:21:51","slug":"kingfisher-tamogatasi-kozpont","status":"publish","type":"page","link":"https:\/\/kingfisher360.digital\/hu\/kingfisher-tamogatasi-kozpont\/","title":{"rendered":"Kingfisher t\u00e1mogat\u00e1si k\u00f6zpont"},"content":{"rendered":"<p>Ha k\u00e9rd\u00e9se van a Kingfisherrel, a szolg\u00e1ltat\u00e1sunkkal vagy a besz\u00e1ll\u00edt\u00f3i ESG \u00e1tvil\u00e1g\u00edt\u00e1ssal kapcsolatban, k\u00e9rj\u00fck, olvassa el a GYIK-ot, miel\u0151tt kapcsolatba l\u00e9pne vel\u00fcnk. Ismerje meg gondolkod\u00e1sunkat \u00e9s megk\u00f6zel\u00edt\u00e9seinket az ell\u00e1t\u00e1si l\u00e1nc l\u00e1that\u00f3s\u00e1g\u00e1val, kock\u00e1zat\u00e1val \u00e9s felel\u0151ss\u00e9g\u00e9vel kapcsolatos k\u00e9rd\u00e9sek megold\u00e1s\u00e1ban.<\/p>\n","protected":false},"excerpt":{"rendered":"<p>Ha k\u00e9rd\u00e9se van a Kingfisherrel, a szolg\u00e1ltat\u00e1sunkkal vagy a besz\u00e1ll\u00edt\u00f3i ESG \u00e1tvil\u00e1g\u00edt\u00e1ssal kapcsolatban, k\u00e9rj\u00fck, olvassa el a GYIK-ot, miel\u0151tt kapcsolatba l\u00e9pne vel\u00fcnk. Ismerje meg gondolkod\u00e1sunkat \u00e9s megk\u00f6zel\u00edt\u00e9seinket az ell\u00e1t\u00e1si l\u00e1nc l\u00e1that\u00f3s\u00e1g\u00e1val, kock\u00e1zat\u00e1val \u00e9s felel\u0151ss\u00e9g\u00e9vel kapcsolatos k\u00e9rd\u00e9sek megold\u00e1s\u00e1ban.<\/p>\n","protected":false},"author":1,"featured_media":0,"parent":0,"menu_order":0,"comment_status":"closed","ping_status":"closed","template":"page-support-center.php","meta":[],"yoast_head":"<!-- This site is optimized with the Yoast SEO plugin v18.1 - https:\/\/yoast.com\/wordpress\/plugins\/seo\/ -->\n<title>Kingfisher t\u00e1mogat\u00e1si k\u00f6zpont - Kingfisher<\/title>\n<meta name=\"robots\" content=\"noindex, follow, max-snippet:-1, max-image-preview:large, max-video-preview:-1\" \/>\n<meta property=\"og:locale\" content=\"hu_HU\" \/>\n<meta property=\"og:type\" content=\"article\" \/>\n<meta property=\"og:title\" content=\"Kingfisher t\u00e1mogat\u00e1si k\u00f6zpont - Kingfisher\" \/>\n<meta property=\"og:description\" content=\"Ha k\u00e9rd\u00e9se van a Kingfisherrel, a szolg\u00e1ltat\u00e1sunkkal vagy a besz\u00e1ll\u00edt\u00f3i ESG \u00e1tvil\u00e1g\u00edt\u00e1ssal kapcsolatban, k\u00e9rj\u00fck, olvassa el a GYIK-ot, miel\u0151tt kapcsolatba l\u00e9pne vel\u00fcnk. Ismerje meg gondolkod\u00e1sunkat \u00e9s megk\u00f6zel\u00edt\u00e9seinket az ell\u00e1t\u00e1si l\u00e1nc l\u00e1that\u00f3s\u00e1g\u00e1val, kock\u00e1zat\u00e1val \u00e9s felel\u0151ss\u00e9g\u00e9vel kapcsolatos k\u00e9rd\u00e9sek megold\u00e1s\u00e1ban.\" \/>\n<meta property=\"og:url\" content=\"https:\/\/kingfisher360.digital\/kingfisher-tamogatasi-kozpont\/\" \/>\n<meta property=\"og:site_name\" content=\"Kingfisher\" \/>\n<meta name=\"twitter:card\" content=\"summary_large_image\" \/>\n<script type=\"application\/ld+json\" class=\"yoast-schema-graph\">{\"@context\":\"https:\/\/schema.org\",\"@graph\":[{\"@type\":\"WebSite\",\"@id\":\"https:\/\/kingfisher360.digital\/#website\",\"url\":\"https:\/\/kingfisher360.digital\/\",\"name\":\"Kingfisher\",\"description\":\"ESG compliance\",\"potentialAction\":[{\"@type\":\"SearchAction\",\"target\":{\"@type\":\"EntryPoint\",\"urlTemplate\":\"https:\/\/kingfisher360.digital\/?s={search_term_string}\"},\"query-input\":\"required name=search_term_string\"}],\"inLanguage\":\"hu\"},{\"@type\":\"WebPage\",\"@id\":\"https:\/\/kingfisher360.digital\/kingfisher-tamogatasi-kozpont\/#webpage\",\"url\":\"https:\/\/kingfisher360.digital\/kingfisher-tamogatasi-kozpont\/\",\"name\":\"Kingfisher t\u00e1mogat\u00e1si k\u00f6zpont - Kingfisher\",\"isPartOf\":{\"@id\":\"https:\/\/kingfisher360.digital\/#website\"},\"datePublished\":\"2023-08-18T09:21:51+00:00\",\"dateModified\":\"2023-08-18T09:21:51+00:00\",\"breadcrumb\":{\"@id\":\"https:\/\/kingfisher360.digital\/kingfisher-tamogatasi-kozpont\/#breadcrumb\"},\"inLanguage\":\"hu\",\"potentialAction\":[{\"@type\":\"ReadAction\",\"target\":[\"https:\/\/kingfisher360.digital\/kingfisher-tamogatasi-kozpont\/\"]}]},{\"@type\":\"BreadcrumbList\",\"@id\":\"https:\/\/kingfisher360.digital\/kingfisher-tamogatasi-kozpont\/#breadcrumb\",\"itemListElement\":[{\"@type\":\"ListItem\",\"position\":1,\"name\":\"Home\",\"item\":\"https:\/\/kingfisher360.digital\/hu\/az-esg-megfeleles-egyszeruen\/\"},{\"@type\":\"ListItem\",\"position\":2,\"name\":\"Kingfisher t\u00e1mogat\u00e1si k\u00f6zpont\"}]}]}<\/script>\n<!-- \/ Yoast SEO plugin. -->","yoast_head_json":{"title":"Kingfisher t\u00e1mogat\u00e1si k\u00f6zpont - Kingfisher","robots":{"index":"noindex","follow":"follow","max-snippet":"max-snippet:-1","max-image-preview":"max-image-preview:large","max-video-preview":"max-video-preview:-1"},"og_locale":"hu_HU","og_type":"article","og_title":"Kingfisher t\u00e1mogat\u00e1si k\u00f6zpont - Kingfisher","og_description":"Ha k\u00e9rd\u00e9se van a Kingfisherrel, a szolg\u00e1ltat\u00e1sunkkal vagy a besz\u00e1ll\u00edt\u00f3i ESG \u00e1tvil\u00e1g\u00edt\u00e1ssal kapcsolatban, k\u00e9rj\u00fck, olvassa el a GYIK-ot, miel\u0151tt kapcsolatba l\u00e9pne vel\u00fcnk. Ismerje meg gondolkod\u00e1sunkat \u00e9s megk\u00f6zel\u00edt\u00e9seinket az ell\u00e1t\u00e1si l\u00e1nc l\u00e1that\u00f3s\u00e1g\u00e1val, kock\u00e1zat\u00e1val \u00e9s felel\u0151ss\u00e9g\u00e9vel kapcsolatos k\u00e9rd\u00e9sek megold\u00e1s\u00e1ban.","og_url":"https:\/\/kingfisher360.digital\/kingfisher-tamogatasi-kozpont\/","og_site_name":"Kingfisher","twitter_card":"summary_large_image","schema":{"@context":"https:\/\/schema.org","@graph":[{"@type":"WebSite","@id":"https:\/\/kingfisher360.digital\/#website","url":"https:\/\/kingfisher360.digital\/","name":"Kingfisher","description":"ESG compliance","potentialAction":[{"@type":"SearchAction","target":{"@type":"EntryPoint","urlTemplate":"https:\/\/kingfisher360.digital\/?s={search_term_string}"},"query-input":"required name=search_term_string"}],"inLanguage":"hu"},{"@type":"WebPage","@id":"https:\/\/kingfisher360.digital\/kingfisher-tamogatasi-kozpont\/#webpage","url":"https:\/\/kingfisher360.digital\/kingfisher-tamogatasi-kozpont\/","name":"Kingfisher t\u00e1mogat\u00e1si k\u00f6zpont - Kingfisher","isPartOf":{"@id":"https:\/\/kingfisher360.digital\/#website"},"datePublished":"2023-08-18T09:21:51+00:00","dateModified":"2023-08-18T09:21:51+00:00","breadcrumb":{"@id":"https:\/\/kingfisher360.digital\/kingfisher-tamogatasi-kozpont\/#breadcrumb"},"inLanguage":"hu","potentialAction":[{"@type":"ReadAction","target":["https:\/\/kingfisher360.digital\/kingfisher-tamogatasi-kozpont\/"]}]},{"@type":"BreadcrumbList","@id":"https:\/\/kingfisher360.digital\/kingfisher-tamogatasi-kozpont\/#breadcrumb","itemListElement":[{"@type":"ListItem","position":1,"name":"Home","item":"https:\/\/kingfisher360.digital\/hu\/az-esg-megfeleles-egyszeruen\/"},{"@type":"ListItem","position":2,"name":"Kingfisher t\u00e1mogat\u00e1si k\u00f6zpont"}]}]}},"_links":{"self":[{"href":"https:\/\/kingfisher360.digital\/hu\/wp-json\/wp\/v2\/pages\/192"}],"collection":[{"href":"https:\/\/kingfisher360.digital\/hu\/wp-json\/wp\/v2\/pages"}],"about":[{"href":"https:\/\/kingfisher360.digital\/hu\/wp-json\/wp\/v2\/types\/page"}],"author":[{"embeddable":true,"href":"https:\/\/kingfisher360.digital\/hu\/wp-json\/wp\/v2\/users\/1"}],"replies":[{"embeddable":true,"href":"https:\/\/kingfisher360.digital\/hu\/wp-json\/wp\/v2\/comments?post=192"}],"version-history":[{"count":0,"href":"https:\/\/kingfisher360.digital\/hu\/wp-json\/wp\/v2\/pages\/192\/revisions"}],"wp:attachment":[{"href":"https:\/\/kingfisher360.digital\/hu\/wp-json\/wp\/v2\/media?parent=192"}],"curies":[{"name":"wp","href":"https:\/\/api.w.org\/{rel}","templated":true}]}}